{"id":732,"date":"2018-01-06T17:30:45","date_gmt":"2018-01-06T16:30:45","guid":{"rendered":"http:\/\/xn--montagebau-wnsch-uzb.de\/montagebau\/?page_id=732"},"modified":"2020-03-03T00:05:20","modified_gmt":"2020-03-02T23:05:20","slug":"garagentorantriebe","status":"publish","type":"page","link":"https:\/\/xn--montagebau-wnsch-uzb.de\/montagebau\/garagentorantriebe\/","title":{"rendered":""},"content":{"rendered":"<div id=\"pl-732\"  class=\"panel-layout\" ><div id=\"pg-732-0\"  class=\"panel-grid panel-has-style\" ><div style=\"padding: 100px 0; \" data-overlay=\"true\" data-overlay-color=\"#000000\" class=\"panel-row-style panel-row-style-for-732-0\" ><div id=\"pgc-732-0-0\"  class=\"panel-grid-cell\" ><div id=\"panel-732-0-0-0\" class=\"so-panel widget widget_sow-headline panel-first-child panel-last-child\" data-index=\"0\" ><div style=\"text-align: left;\" data-title-color=\"#443f3f\" data-headings-color=\"#443f3f\" class=\"panel-widget-style panel-widget-style-for-732-0-0-0\" ><div\n\t\t\t\n\t\t\tclass=\"so-widget-sow-headline so-widget-sow-headline-default-ea0af4cf39ae-732\"\n\t\t\t\n\t\t><div class=\"sow-headline-container \">\n\t\t\t\t\t\t\t<h1 class=\"sow-headline\">\n\t\t\t\t\t\tGaragentorantriebe\t\t\t\t\t\t<\/h1>\n\t\t\t\t\t\t\t\t\t\t\t<div class=\"decoration\">\n\t\t\t\t\t\t<div class=\"decoration-inside\"><\/div>\n\t\t\t\t\t<\/div>\n\t\t\t\t\t<\/div>\n<\/div><\/div><\/div><\/div><\/div><\/div><div id=\"pg-732-1\"  class=\"panel-grid panel-has-style\" ><div style=\"padding: 0px 0; \" data-overlay=\"true\" data-overlay-color=\"#000000\" class=\"panel-row-style panel-row-style-for-732-1\" ><div id=\"pgc-732-1-0\"  class=\"panel-grid-cell\" ><div id=\"panel-732-1-0-0\" class=\"so-panel widget widget_sow-editor panel-first-child panel-last-child\" data-index=\"1\" ><div style=\"text-align: center;\" data-title-color=\"#443f3f\" data-headings-color=\"#443f3f\" class=\"panel-widget-style panel-widget-style-for-732-1-0-0\" ><div\n\t\t\t\n\t\t\tclass=\"so-widget-sow-editor so-widget-sow-editor-base\"\n\t\t\t\n\t\t>\n<div class=\"siteorigin-widget-tinymce textwidget\">\n\t<div style=\"text-align: justify;\">\n<div>\n<h4><\/h4>\n<h4 style=\"text-align: center;\">Bleiben Sie sitzen<\/h4>\n<p>Wir lassen Sie nicht im Regen stehen! Mit komfortablen Garagentorantrieben in edlem Design und mit modernster Technik m\u00fcssen Sie ihr Tor nie wieder m\u00fchsam von Hand \u00f6ffnen. F\u00fcr jedes Garagentor den passenden Antrieb - egal ob f\u00fcr Ihr neues Sektionaltor, Schwingtor oder zum Nachr\u00fcsten von bereits vorhandenen Toren. Sie erm\u00f6glichen das pr\u00e4zise \u00d6ffnen und Schlie\u00dfen ganz bequem \u00fcber Schl\u00fcsseltaster oder Fernbedienungen.<\/p>\n<p>&nbsp;<\/p>\n<h4 style=\"text-align: center;\">Moderne LED Beleuchtung<\/h4>\n<p>Moderne LED-Beleuchtung sorgt f\u00fcr gr\u00f6\u00dftm\u00f6gliche Helligkeit in Ihrer Garage. Mit der Fernbedienung oder einem kompatiblen Innenschalter k\u00f6nnen Sie diese komfortabel ein- und ausschalten.<\/p>\n<p>&nbsp;<\/p>\n<h4 style=\"text-align: center;\">Zuverl\u00e4ssiger Schutz<\/h4>\n<p>Um Personen, Tiere und Objekte zuverl\u00e4ssig zu sch\u00fctzen, wird durch die sensible und vollelektronische Kraftbegrenzung bei Hindernissen das Tor sofort gestoppt und zur\u00fcck gefahren, um das Hindernis wieder freizugeben.<\/p>\n<\/div>\n<\/div>\n<\/div>\n<\/div><\/div><\/div><\/div><div id=\"pgc-732-1-1\"  class=\"panel-grid-cell\" ><div id=\"panel-732-1-1-0\" class=\"so-panel widget widget_sow-image-grid panel-first-child panel-last-child\" data-index=\"2\" ><div style=\"text-align: left;\" data-title-color=\"#443f3f\" data-headings-color=\"#443f3f\" class=\"panel-widget-style panel-widget-style-for-732-1-1-0\" ><div\n\t\t\t\n\t\t\tclass=\"so-widget-sow-image-grid so-widget-sow-image-grid-default-3fbf13dff59f-732\"\n\t\t\t\n\t\t>\t<div\n\t\tclass=\"sow-image-grid-wrapper\"\n\t\t\t\t\t>\n\t\t\t\t\t<div class=\"sow-image-grid-image\">\n\t\t\t\t\t\t\t\t\t\t\t\t<img loading=\"lazy\" decoding=\"async\" width=\"3072\" height=\"2048\" src=\"https:\/\/xn--montagebau-wnsch-uzb.de\/montagebau\/wp-content\/uploads\/2018\/01\/DSC03094.jpg\" class=\"sow-image-grid-image_html\" alt=\"\" title=\"\" srcset=\"https:\/\/xn--montagebau-wnsch-uzb.de\/montagebau\/wp-content\/uploads\/2018\/01\/DSC03094.jpg 3072w, https:\/\/xn--montagebau-wnsch-uzb.de\/montagebau\/wp-content\/uploads\/2018\/01\/DSC03094-300x200.jpg 300w, https:\/\/xn--montagebau-wnsch-uzb.de\/montagebau\/wp-content\/uploads\/2018\/01\/DSC03094-768x512.jpg 768w, https:\/\/xn--montagebau-wnsch-uzb.de\/montagebau\/wp-content\/uploads\/2018\/01\/DSC03094-1024x683.jpg 1024w, https:\/\/xn--montagebau-wnsch-uzb.de\/montagebau\/wp-content\/uploads\/2018\/01\/DSC03094-830x553.jpg 830w, https:\/\/xn--montagebau-wnsch-uzb.de\/montagebau\/wp-content\/uploads\/2018\/01\/DSC03094-230x153.jpg 230w, https:\/\/xn--montagebau-wnsch-uzb.de\/montagebau\/wp-content\/uploads\/2018\/01\/DSC03094-350x233.jpg 350w, https:\/\/xn--montagebau-wnsch-uzb.de\/montagebau\/wp-content\/uploads\/2018\/01\/DSC03094-480x320.jpg 480w, https:\/\/xn--montagebau-wnsch-uzb.de\/montagebau\/wp-content\/uploads\/2018\/01\/DSC03094-272x182.jpg 272w\" sizes=\"auto, (max-width: 3072px) 100vw, 3072px\" \/>\t\t\t\t\t\t\t\t\t\t\t<\/div>\n\t\t\t\t\t<div class=\"sow-image-grid-image\">\n\t\t\t\t\t\t\t\t\t\t\t\t<img loading=\"lazy\" decoding=\"async\" width=\"3072\" height=\"2048\" src=\"https:\/\/xn--montagebau-wnsch-uzb.de\/montagebau\/wp-content\/uploads\/2018\/01\/DSC03093.jpg\" class=\"sow-image-grid-image_html\" alt=\"\" title=\"\" srcset=\"https:\/\/xn--montagebau-wnsch-uzb.de\/montagebau\/wp-content\/uploads\/2018\/01\/DSC03093.jpg 3072w, https:\/\/xn--montagebau-wnsch-uzb.de\/montagebau\/wp-content\/uploads\/2018\/01\/DSC03093-300x200.jpg 300w, https:\/\/xn--montagebau-wnsch-uzb.de\/montagebau\/wp-content\/uploads\/2018\/01\/DSC03093-768x512.jpg 768w, https:\/\/xn--montagebau-wnsch-uzb.de\/montagebau\/wp-content\/uploads\/2018\/01\/DSC03093-1024x683.jpg 1024w, https:\/\/xn--montagebau-wnsch-uzb.de\/montagebau\/wp-content\/uploads\/2018\/01\/DSC03093-830x553.jpg 830w, https:\/\/xn--montagebau-wnsch-uzb.de\/montagebau\/wp-content\/uploads\/2018\/01\/DSC03093-230x153.jpg 230w, https:\/\/xn--montagebau-wnsch-uzb.de\/montagebau\/wp-content\/uploads\/2018\/01\/DSC03093-350x233.jpg 350w, https:\/\/xn--montagebau-wnsch-uzb.de\/montagebau\/wp-content\/uploads\/2018\/01\/DSC03093-480x320.jpg 480w, https:\/\/xn--montagebau-wnsch-uzb.de\/montagebau\/wp-content\/uploads\/2018\/01\/DSC03093-272x182.jpg 272w\" sizes=\"auto, (max-width: 3072px) 100vw, 3072px\" \/>\t\t\t\t\t\t\t\t\t\t\t<\/div>\n\t\t\t\t\t<div class=\"sow-image-grid-image\">\n\t\t\t\t\t\t\t\t\t\t\t\t\t\t\t\t\t\t\t\t\t\t\t<\/div>\n\t\t\t<\/div>\n<\/div><\/div><\/div><\/div><\/div><\/div><div id=\"pg-732-2\"  class=\"panel-grid panel-has-style\" ><div style=\"padding: 75px 0; \" data-overlay=\"true\" data-overlay-color=\"#000000\" class=\"panel-row-style panel-row-style-for-732-2\" ><div id=\"pgc-732-2-0\"  class=\"panel-grid-cell\" ><div id=\"panel-732-2-0-0\" class=\"so-panel widget widget_sow-editor panel-first-child\" data-index=\"3\" ><div style=\"text-align: left;\" data-title-color=\"#443f3f\" data-headings-color=\"#443f3f\" class=\"panel-widget-style panel-widget-style-for-732-2-0-0\" ><div\n\t\t\t\n\t\t\tclass=\"so-widget-sow-editor so-widget-sow-editor-base\"\n\t\t\t\n\t\t><h3 class=\"widget-title\">Unser Partner<\/h3>\n<div class=\"siteorigin-widget-tinymce textwidget\">\n\t<div class=\"textwidget\"><\/div>\n<\/div>\n<\/div><\/div><\/div><div id=\"panel-732-2-0-1\" class=\"so-panel widget widget_sow-image panel-last-child\" data-index=\"4\" ><div style=\"text-align: left;\" data-title-color=\"#443f3f\" data-headings-color=\"#443f3f\" class=\"panel-widget-style panel-widget-style-for-732-2-0-1\" ><div\n\t\t\t\n\t\t\tclass=\"so-widget-sow-image so-widget-sow-image-default-c67d20f9f743-732\"\n\t\t\t\n\t\t>\n<div class=\"sow-image-container\">\n\t\t\t<a href=\"http:\/\/www.marantec.com\"\n\t\t\t\t\t>\n\t\t\t<img \n\tsrc=\"https:\/\/xn--montagebau-wnsch-uzb.de\/montagebau\/wp-content\/uploads\/2018\/03\/17_MARA_11_Marantec_Logo_2017_RGB-300x90.jpg\" width=\"300\" height=\"90\" srcset=\"https:\/\/xn--montagebau-wnsch-uzb.de\/montagebau\/wp-content\/uploads\/2018\/03\/17_MARA_11_Marantec_Logo_2017_RGB-300x90.jpg 300w, https:\/\/xn--montagebau-wnsch-uzb.de\/montagebau\/wp-content\/uploads\/2018\/03\/17_MARA_11_Marantec_Logo_2017_RGB-230x69.jpg 230w, https:\/\/xn--montagebau-wnsch-uzb.de\/montagebau\/wp-content\/uploads\/2018\/03\/17_MARA_11_Marantec_Logo_2017_RGB-350x105.jpg 350w, https:\/\/xn--montagebau-wnsch-uzb.de\/montagebau\/wp-content\/uploads\/2018\/03\/17_MARA_11_Marantec_Logo_2017_RGB-480x144.jpg 480w, https:\/\/xn--montagebau-wnsch-uzb.de\/montagebau\/wp-content\/uploads\/2018\/03\/17_MARA_11_Marantec_Logo_2017_RGB.jpg 709w\" sizes=\"(max-width: 300px) 100vw, 300px\" title=\"Marantec Antriebstechnik\" alt=\"Marantec Antriebstechnik\" \t\tclass=\"so-widget-image\"\/>\n\t\t\t<\/a><\/div>\n\n<\/div><\/div><\/div><\/div><\/div><\/div><div id=\"pg-732-3\"  class=\"panel-grid panel-has-style\" ><div style=\"padding: 0px 0; \" data-overlay=\"true\" data-overlay-color=\"#000000\" class=\"panel-row-style panel-row-style-for-732-3\" ><div id=\"pgc-732-3-0\"  class=\"panel-grid-cell\" ><div id=\"panel-732-3-0-0\" class=\"so-panel widget widget_sow-editor panel-first-child panel-last-child\" data-index=\"5\" ><div style=\"text-align: left;\" data-title-color=\"#443f3f\" data-headings-color=\"#443f3f\" class=\"panel-widget-style panel-widget-style-for-732-3-0-0\" ><div\n\t\t\t\n\t\t\tclass=\"so-widget-sow-editor so-widget-sow-editor-base\"\n\t\t\t\n\t\t><h3 class=\"widget-title\">Die Comfort 300-Serie<\/h3>\n<div class=\"siteorigin-widget-tinymce textwidget\">\n\t<p>&nbsp;<\/p>\n<div class=\"textwidget\">\n<div style=\"text-align: justify;\">\n<div>\n<p>Garagentorantriebe der Comfort 300 Serie bieten neben einer maximalen Antriebsleistung den Vorteil, dass der Energieverbrauch au\u00dferhalb der Bedienzeiten auf nahezu null reduziert wird. Au\u00dferdem sind die Garagentore durch eine zus\u00e4tzlich eingebaute Speed-Funktion besonders schnell. Die eingebauten LED-Energiesparlampen erlauben es Ihnen durch ihre eingebaute Lichtleistung auf zus\u00e4tzliche Lichtquellen in Ihrer Garage zu verzichten und k\u00f6nnen handels\u00fcbliche 160W Lampen ersetzen. Dadurch bietet Ihnen die Comfort 300-Serie nicht nur den maximalen Komfort in der Bedienung, sondern sorgt auch f\u00fcr die ausreichende Beleuchtung und Sicherheit innerhalb des Betriebs.<\/p>\n<\/div>\n<\/div>\n<\/div>\n<\/div>\n<\/div><\/div><\/div><\/div><div id=\"pgc-732-3-1\"  class=\"panel-grid-cell\" ><div id=\"panel-732-3-1-0\" class=\"so-panel widget widget_sow-slider panel-first-child panel-last-child\" data-index=\"6\" ><div style=\"text-align: left;\" data-title-color=\"#443f3f\" data-headings-color=\"#443f3f\" class=\"panel-widget-style panel-widget-style-for-732-3-1-0\" ><div\n\t\t\t\n\t\t\tclass=\"so-widget-sow-slider so-widget-sow-slider-default-815de21f08e1-732\"\n\t\t\t\n\t\t>\t\t\t\t<div class=\"sow-slider-base\" style=\"display: none\" tabindex=\"0\">\n\t\t\t\t\t<ul\n\t\t\t\t\tclass=\"sow-slider-images\"\n\t\t\t\t\tdata-settings=\"{&quot;pagination&quot;:true,&quot;speed&quot;:800,&quot;timeout&quot;:5000,&quot;paused&quot;:false,&quot;pause_on_hover&quot;:false,&quot;swipe&quot;:true,&quot;nav_always_show_desktop&quot;:&quot;&quot;,&quot;nav_always_show_mobile&quot;:&quot;&quot;,&quot;breakpoint&quot;:&quot;780px&quot;,&quot;unmute&quot;:false,&quot;anchor&quot;:null}\"\n\t\t\t\t\t\t\t\t\t\tdata-anchor-id=\"\"\n\t\t\t\t>\t\t<li class=\"sow-slider-image\" style=\"visibility: visible;\" >\n\t\t\t\t\t\t<img loading=\"lazy\" decoding=\"async\" width=\"2100\" height=\"1397\" src=\"https:\/\/xn--montagebau-wnsch-uzb.de\/montagebau\/wp-content\/uploads\/2018\/03\/100961_rgb_II.jpg\" class=\"sow-slider-background-image\" alt=\"\" style=\"\" srcset=\"https:\/\/xn--montagebau-wnsch-uzb.de\/montagebau\/wp-content\/uploads\/2018\/03\/100961_rgb_II.jpg 2100w, https:\/\/xn--montagebau-wnsch-uzb.de\/montagebau\/wp-content\/uploads\/2018\/03\/100961_rgb_II-300x200.jpg 300w, https:\/\/xn--montagebau-wnsch-uzb.de\/montagebau\/wp-content\/uploads\/2018\/03\/100961_rgb_II-768x511.jpg 768w, https:\/\/xn--montagebau-wnsch-uzb.de\/montagebau\/wp-content\/uploads\/2018\/03\/100961_rgb_II-1024x681.jpg 1024w, https:\/\/xn--montagebau-wnsch-uzb.de\/montagebau\/wp-content\/uploads\/2018\/03\/100961_rgb_II-830x552.jpg 830w, https:\/\/xn--montagebau-wnsch-uzb.de\/montagebau\/wp-content\/uploads\/2018\/03\/100961_rgb_II-230x153.jpg 230w, https:\/\/xn--montagebau-wnsch-uzb.de\/montagebau\/wp-content\/uploads\/2018\/03\/100961_rgb_II-350x233.jpg 350w, https:\/\/xn--montagebau-wnsch-uzb.de\/montagebau\/wp-content\/uploads\/2018\/03\/100961_rgb_II-480x319.jpg 480w, https:\/\/xn--montagebau-wnsch-uzb.de\/montagebau\/wp-content\/uploads\/2018\/03\/100961_rgb_II-272x182.jpg 272w\" sizes=\"auto, (max-width: 2100px) 100vw, 2100px\" \/>\t\t<\/li>\n\t\t\t\t<li class=\"sow-slider-image\" style=\"visibility: hidden;\" >\n\t\t\t\t\t\t<img loading=\"lazy\" decoding=\"async\" width=\"2100\" height=\"1397\" src=\"https:\/\/xn--montagebau-wnsch-uzb.de\/montagebau\/wp-content\/uploads\/2018\/03\/100961_rgb_III.jpg\" class=\"sow-slider-background-image\" alt=\"\" style=\"\" srcset=\"https:\/\/xn--montagebau-wnsch-uzb.de\/montagebau\/wp-content\/uploads\/2018\/03\/100961_rgb_III.jpg 2100w, https:\/\/xn--montagebau-wnsch-uzb.de\/montagebau\/wp-content\/uploads\/2018\/03\/100961_rgb_III-300x200.jpg 300w, https:\/\/xn--montagebau-wnsch-uzb.de\/montagebau\/wp-content\/uploads\/2018\/03\/100961_rgb_III-768x511.jpg 768w, https:\/\/xn--montagebau-wnsch-uzb.de\/montagebau\/wp-content\/uploads\/2018\/03\/100961_rgb_III-1024x681.jpg 1024w, https:\/\/xn--montagebau-wnsch-uzb.de\/montagebau\/wp-content\/uploads\/2018\/03\/100961_rgb_III-830x552.jpg 830w, https:\/\/xn--montagebau-wnsch-uzb.de\/montagebau\/wp-content\/uploads\/2018\/03\/100961_rgb_III-230x153.jpg 230w, https:\/\/xn--montagebau-wnsch-uzb.de\/montagebau\/wp-content\/uploads\/2018\/03\/100961_rgb_III-350x233.jpg 350w, https:\/\/xn--montagebau-wnsch-uzb.de\/montagebau\/wp-content\/uploads\/2018\/03\/100961_rgb_III-480x319.jpg 480w, https:\/\/xn--montagebau-wnsch-uzb.de\/montagebau\/wp-content\/uploads\/2018\/03\/100961_rgb_III-272x182.jpg 272w\" sizes=\"auto, (max-width: 2100px) 100vw, 2100px\" \/>\t\t<\/li>\n\t\t\t\t<li class=\"sow-slider-image\" style=\"visibility: hidden;\" >\n\t\t\t\t\t\t<img loading=\"lazy\" decoding=\"async\" width=\"2100\" height=\"1397\" src=\"https:\/\/xn--montagebau-wnsch-uzb.de\/montagebau\/wp-content\/uploads\/2018\/03\/100961_rgb_IV.jpg\" class=\"sow-slider-background-image\" alt=\"\" style=\"\" srcset=\"https:\/\/xn--montagebau-wnsch-uzb.de\/montagebau\/wp-content\/uploads\/2018\/03\/100961_rgb_IV.jpg 2100w, https:\/\/xn--montagebau-wnsch-uzb.de\/montagebau\/wp-content\/uploads\/2018\/03\/100961_rgb_IV-300x200.jpg 300w, https:\/\/xn--montagebau-wnsch-uzb.de\/montagebau\/wp-content\/uploads\/2018\/03\/100961_rgb_IV-768x511.jpg 768w, https:\/\/xn--montagebau-wnsch-uzb.de\/montagebau\/wp-content\/uploads\/2018\/03\/100961_rgb_IV-1024x681.jpg 1024w, https:\/\/xn--montagebau-wnsch-uzb.de\/montagebau\/wp-content\/uploads\/2018\/03\/100961_rgb_IV-830x552.jpg 830w, https:\/\/xn--montagebau-wnsch-uzb.de\/montagebau\/wp-content\/uploads\/2018\/03\/100961_rgb_IV-230x153.jpg 230w, https:\/\/xn--montagebau-wnsch-uzb.de\/montagebau\/wp-content\/uploads\/2018\/03\/100961_rgb_IV-350x233.jpg 350w, https:\/\/xn--montagebau-wnsch-uzb.de\/montagebau\/wp-content\/uploads\/2018\/03\/100961_rgb_IV-480x319.jpg 480w, https:\/\/xn--montagebau-wnsch-uzb.de\/montagebau\/wp-content\/uploads\/2018\/03\/100961_rgb_IV-272x182.jpg 272w\" sizes=\"auto, (max-width: 2100px) 100vw, 2100px\" \/>\t\t<\/li>\n\t\t<\/ul>\t\t\t\t<ol class=\"sow-slider-pagination\">\n\t\t\t\t\t\t\t\t\t\t\t<li><a href=\"#\" data-goto=\"0\" aria-label=\"Display slide 1\"><\/a><\/li>\n\t\t\t\t\t\t\t\t\t\t\t<li><a href=\"#\" data-goto=\"1\" aria-label=\"Display slide 2\"><\/a><\/li>\n\t\t\t\t\t\t\t\t\t\t\t<li><a href=\"#\" data-goto=\"2\" aria-label=\"Display slide 3\"><\/a><\/li>\n\t\t\t\t\t\t\t\t\t<\/ol>\n\n\t\t\t\t<div class=\"sow-slide-nav sow-slide-nav-next\">\n\t\t\t\t\t<a href=\"#\" data-goto=\"next\" aria-label=\"Next slide\" data-action=\"next\">\n\t\t\t\t\t\t<em class=\"sow-sld-icon-thin-right\"><\/em>\n\t\t\t\t\t<\/a>\n\t\t\t\t<\/div>\n\n\t\t\t\t<div class=\"sow-slide-nav sow-slide-nav-prev\">\n\t\t\t\t\t<a href=\"#\" data-goto=\"previous\" aria-label=\"Previous slide\" data-action=\"prev\">\n\t\t\t\t\t\t<em class=\"sow-sld-icon-thin-left\"><\/em>\n\t\t\t\t\t<\/a>\n\t\t\t\t<\/div>\n\t\t\t\t<\/div><\/div><\/div><\/div><\/div><\/div><\/div><div id=\"pg-732-4\"  class=\"panel-grid panel-has-style\" ><div style=\"padding: 0px 0; \" data-overlay=\"true\" data-overlay-color=\"#000000\" class=\"panel-row-style panel-row-style-for-732-4\" ><div id=\"pgc-732-4-0\"  class=\"panel-grid-cell\" ><div id=\"panel-732-4-0-0\" class=\"so-panel widget widget_sow-editor panel-first-child panel-last-child\" data-index=\"7\" ><div style=\"text-align: left;\" data-title-color=\"#443f3f\" data-headings-color=\"#443f3f\" class=\"panel-widget-style panel-widget-style-for-732-4-0-0\" ><div\n\t\t\t\n\t\t\tclass=\"so-widget-sow-editor so-widget-sow-editor-base\"\n\t\t\t\n\t\t><h3 class=\"widget-title\">Comfort 200-Serie<\/h3>\n<div class=\"siteorigin-widget-tinymce textwidget\">\n\t<div style=\"text-align: justify;\">\n<div>\n<p>Die Comfort 200-Serie ist bereits in der 5. Generation erh\u00e4ltlich. Dadurch bieten wir Ihnen einen ausgereiften und stets weiterentwickelten Standard-Antrieb f\u00fcr Ihr Garagentor. Dieser ist mithilfe eines Stand-By-Modus so konzipiert, dass ein besonders niedriger Energieverbrauch vorliegt. Zus\u00e4tzlich wird durch die eingebaute LED-Beleuchtung eine gr\u00f6\u00dftm\u00f6gliche Helligkeit innerhalb der Garage erreicht.<\/p>\n<p>Die Comfort 200-Serie ist in den Ausf\u00fchrungen Comfort 260, 270 &amp; 280 je nach Torgr\u00f6\u00dfe erh\u00e4tlich.<br \/>\nGerne beraten wir Sie hierzu, um den optimalen Antrieb f\u00fcr Ihr Garagentor zu ermitteln.<\/p>\n<p>Der Comfort 260 ist auch als Akku oder Solar-Antrieb verf\u00fcgbar.<\/p>\n<\/div>\n<\/div>\n<\/div>\n<\/div><\/div><\/div><\/div><div id=\"pgc-732-4-1\"  class=\"panel-grid-cell\" ><div id=\"panel-732-4-1-0\" class=\"so-panel widget widget_sow-slider panel-first-child panel-last-child\" data-index=\"8\" ><div style=\"text-align: center;\" data-title-color=\"#443f3f\" data-headings-color=\"#443f3f\" class=\"panel-widget-style panel-widget-style-for-732-4-1-0\" ><div\n\t\t\t\n\t\t\tclass=\"so-widget-sow-slider so-widget-sow-slider-default-815de21f08e1-732\"\n\t\t\t\n\t\t>\t\t\t\t<div class=\"sow-slider-base\" style=\"display: none\" tabindex=\"0\">\n\t\t\t\t\t<ul\n\t\t\t\t\tclass=\"sow-slider-images\"\n\t\t\t\t\tdata-settings=\"{&quot;pagination&quot;:true,&quot;speed&quot;:800,&quot;timeout&quot;:5000,&quot;paused&quot;:false,&quot;pause_on_hover&quot;:false,&quot;swipe&quot;:true,&quot;nav_always_show_desktop&quot;:&quot;&quot;,&quot;nav_always_show_mobile&quot;:&quot;&quot;,&quot;breakpoint&quot;:&quot;780px&quot;,&quot;unmute&quot;:false,&quot;anchor&quot;:null}\"\n\t\t\t\t\t\t\t\t\t\tdata-anchor-id=\"\"\n\t\t\t\t>\t\t<li class=\"sow-slider-image\" style=\"visibility: visible;\" >\n\t\t\t\t\t\t<img loading=\"lazy\" decoding=\"async\" width=\"2100\" height=\"1397\" src=\"https:\/\/xn--montagebau-wnsch-uzb.de\/montagebau\/wp-content\/uploads\/2018\/03\/100958_rgb_I.jpg\" class=\"sow-slider-background-image\" alt=\"\" style=\"\" srcset=\"https:\/\/xn--montagebau-wnsch-uzb.de\/montagebau\/wp-content\/uploads\/2018\/03\/100958_rgb_I.jpg 2100w, https:\/\/xn--montagebau-wnsch-uzb.de\/montagebau\/wp-content\/uploads\/2018\/03\/100958_rgb_I-300x200.jpg 300w, https:\/\/xn--montagebau-wnsch-uzb.de\/montagebau\/wp-content\/uploads\/2018\/03\/100958_rgb_I-768x511.jpg 768w, https:\/\/xn--montagebau-wnsch-uzb.de\/montagebau\/wp-content\/uploads\/2018\/03\/100958_rgb_I-1024x681.jpg 1024w, https:\/\/xn--montagebau-wnsch-uzb.de\/montagebau\/wp-content\/uploads\/2018\/03\/100958_rgb_I-830x552.jpg 830w, https:\/\/xn--montagebau-wnsch-uzb.de\/montagebau\/wp-content\/uploads\/2018\/03\/100958_rgb_I-230x153.jpg 230w, https:\/\/xn--montagebau-wnsch-uzb.de\/montagebau\/wp-content\/uploads\/2018\/03\/100958_rgb_I-350x233.jpg 350w, https:\/\/xn--montagebau-wnsch-uzb.de\/montagebau\/wp-content\/uploads\/2018\/03\/100958_rgb_I-480x319.jpg 480w, https:\/\/xn--montagebau-wnsch-uzb.de\/montagebau\/wp-content\/uploads\/2018\/03\/100958_rgb_I-272x182.jpg 272w\" sizes=\"auto, (max-width: 2100px) 100vw, 2100px\" \/>\t\t<\/li>\n\t\t\t\t<li class=\"sow-slider-image\" style=\"visibility: hidden;\" >\n\t\t\t\t\t\t<img loading=\"lazy\" decoding=\"async\" width=\"2100\" height=\"1397\" src=\"https:\/\/xn--montagebau-wnsch-uzb.de\/montagebau\/wp-content\/uploads\/2018\/03\/100958_rgb_II.jpg\" class=\"sow-slider-background-image\" alt=\"\" style=\"\" srcset=\"https:\/\/xn--montagebau-wnsch-uzb.de\/montagebau\/wp-content\/uploads\/2018\/03\/100958_rgb_II.jpg 2100w, https:\/\/xn--montagebau-wnsch-uzb.de\/montagebau\/wp-content\/uploads\/2018\/03\/100958_rgb_II-300x200.jpg 300w, https:\/\/xn--montagebau-wnsch-uzb.de\/montagebau\/wp-content\/uploads\/2018\/03\/100958_rgb_II-768x511.jpg 768w, https:\/\/xn--montagebau-wnsch-uzb.de\/montagebau\/wp-content\/uploads\/2018\/03\/100958_rgb_II-1024x681.jpg 1024w, https:\/\/xn--montagebau-wnsch-uzb.de\/montagebau\/wp-content\/uploads\/2018\/03\/100958_rgb_II-830x552.jpg 830w, https:\/\/xn--montagebau-wnsch-uzb.de\/montagebau\/wp-content\/uploads\/2018\/03\/100958_rgb_II-230x153.jpg 230w, https:\/\/xn--montagebau-wnsch-uzb.de\/montagebau\/wp-content\/uploads\/2018\/03\/100958_rgb_II-350x233.jpg 350w, https:\/\/xn--montagebau-wnsch-uzb.de\/montagebau\/wp-content\/uploads\/2018\/03\/100958_rgb_II-480x319.jpg 480w, https:\/\/xn--montagebau-wnsch-uzb.de\/montagebau\/wp-content\/uploads\/2018\/03\/100958_rgb_II-272x182.jpg 272w\" sizes=\"auto, (max-width: 2100px) 100vw, 2100px\" \/>\t\t<\/li>\n\t\t\t\t<li class=\"sow-slider-image\" style=\"visibility: hidden;\" >\n\t\t\t\t\t\t<img loading=\"lazy\" decoding=\"async\" width=\"2100\" height=\"1397\" src=\"https:\/\/xn--montagebau-wnsch-uzb.de\/montagebau\/wp-content\/uploads\/2018\/03\/100958_rgb_III.jpg\" class=\"sow-slider-background-image\" alt=\"\" style=\"\" srcset=\"https:\/\/xn--montagebau-wnsch-uzb.de\/montagebau\/wp-content\/uploads\/2018\/03\/100958_rgb_III.jpg 2100w, https:\/\/xn--montagebau-wnsch-uzb.de\/montagebau\/wp-content\/uploads\/2018\/03\/100958_rgb_III-300x200.jpg 300w, https:\/\/xn--montagebau-wnsch-uzb.de\/montagebau\/wp-content\/uploads\/2018\/03\/100958_rgb_III-768x511.jpg 768w, https:\/\/xn--montagebau-wnsch-uzb.de\/montagebau\/wp-content\/uploads\/2018\/03\/100958_rgb_III-1024x681.jpg 1024w, https:\/\/xn--montagebau-wnsch-uzb.de\/montagebau\/wp-content\/uploads\/2018\/03\/100958_rgb_III-830x552.jpg 830w, https:\/\/xn--montagebau-wnsch-uzb.de\/montagebau\/wp-content\/uploads\/2018\/03\/100958_rgb_III-230x153.jpg 230w, https:\/\/xn--montagebau-wnsch-uzb.de\/montagebau\/wp-content\/uploads\/2018\/03\/100958_rgb_III-350x233.jpg 350w, https:\/\/xn--montagebau-wnsch-uzb.de\/montagebau\/wp-content\/uploads\/2018\/03\/100958_rgb_III-480x319.jpg 480w, https:\/\/xn--montagebau-wnsch-uzb.de\/montagebau\/wp-content\/uploads\/2018\/03\/100958_rgb_III-272x182.jpg 272w\" sizes=\"auto, (max-width: 2100px) 100vw, 2100px\" \/>\t\t<\/li>\n\t\t<\/ul>\t\t\t\t<ol class=\"sow-slider-pagination\">\n\t\t\t\t\t\t\t\t\t\t\t<li><a href=\"#\" data-goto=\"0\" aria-label=\"Display slide 1\"><\/a><\/li>\n\t\t\t\t\t\t\t\t\t\t\t<li><a href=\"#\" data-goto=\"1\" aria-label=\"Display slide 2\"><\/a><\/li>\n\t\t\t\t\t\t\t\t\t\t\t<li><a href=\"#\" data-goto=\"2\" aria-label=\"Display slide 3\"><\/a><\/li>\n\t\t\t\t\t\t\t\t\t<\/ol>\n\n\t\t\t\t<div class=\"sow-slide-nav sow-slide-nav-next\">\n\t\t\t\t\t<a href=\"#\" data-goto=\"next\" aria-label=\"Next slide\" data-action=\"next\">\n\t\t\t\t\t\t<em class=\"sow-sld-icon-medium-right\"><\/em>\n\t\t\t\t\t<\/a>\n\t\t\t\t<\/div>\n\n\t\t\t\t<div class=\"sow-slide-nav sow-slide-nav-prev\">\n\t\t\t\t\t<a href=\"#\" data-goto=\"previous\" aria-label=\"Previous slide\" data-action=\"prev\">\n\t\t\t\t\t\t<em class=\"sow-sld-icon-medium-left\"><\/em>\n\t\t\t\t\t<\/a>\n\t\t\t\t<\/div>\n\t\t\t\t<\/div><\/div><\/div><\/div><\/div><\/div><\/div><\/div>","protected":false},"excerpt":{"rendered":"<p>Bleiben Sie sitzen Wir lassen Sie nicht im Regen stehen! Mit komfortablen Garagentorantrieben in edlem Design und mit modernster Technik m\u00fcssen Sie [&hellip;]<\/p>\n","protected":false},"author":4,"featured_media":0,"parent":0,"menu_order":0,"comment_status":"closed","ping_status":"closed","template":"page-templates\/page_fullwidth.php","meta":{"_exactmetrics_skip_tracking":false,"_exactmetrics_sitenote_active":false,"_exactmetrics_sitenote_note":"","_exactmetrics_sitenote_category":0,"footnotes":""},"class_list":["post-732","page","type-page","status-publish","hentry"],"_links":{"self":[{"href":"https:\/\/xn--montagebau-wnsch-uzb.de\/montagebau\/wp-json\/wp\/v2\/pages\/732","targetHints":{"allow":["GET"]}}],"collection":[{"href":"https:\/\/xn--montagebau-wnsch-uzb.de\/montagebau\/wp-json\/wp\/v2\/pages"}],"about":[{"href":"https:\/\/xn--montagebau-wnsch-uzb.de\/montagebau\/wp-json\/wp\/v2\/types\/page"}],"author":[{"embeddable":true,"href":"https:\/\/xn--montagebau-wnsch-uzb.de\/montagebau\/wp-json\/wp\/v2\/users\/4"}],"replies":[{"embeddable":true,"href":"https:\/\/xn--montagebau-wnsch-uzb.de\/montagebau\/wp-json\/wp\/v2\/comments?post=732"}],"version-history":[{"count":107,"href":"https:\/\/xn--montagebau-wnsch-uzb.de\/montagebau\/wp-json\/wp\/v2\/pages\/732\/revisions"}],"predecessor-version":[{"id":5236,"href":"https:\/\/xn--montagebau-wnsch-uzb.de\/montagebau\/wp-json\/wp\/v2\/pages\/732\/revisions\/5236"}],"wp:attachment":[{"href":"https:\/\/xn--montagebau-wnsch-uzb.de\/montagebau\/wp-json\/wp\/v2\/media?parent=732"}],"curies":[{"name":"wp","href":"https:\/\/api.w.org\/{rel}","templated":true}]}}