{"id":5,"date":"2016-07-19T11:26:21","date_gmt":"2016-07-19T09:26:21","guid":{"rendered":"http:\/\/xn--montagebau-wnsch-uzb.de\/?page_id=5"},"modified":"2026-03-27T19:21:31","modified_gmt":"2026-03-27T18:21:31","slug":"startseite","status":"publish","type":"page","link":"https:\/\/xn--montagebau-wnsch-uzb.de\/montagebau\/","title":{"rendered":"Startseite"},"content":{"rendered":"<div id=\"pl-5\"  class=\"panel-layout\" ><div id=\"pg-5-0\"  class=\"panel-grid panel-has-style\" ><div class=\"siteorigin-panels-stretch panel-row-style panel-row-style-for-5-0\" style=\"border-bottom: 1px solid #e0e0e0;padding: 100px 0; \" id=\"services\" data-stretch-type=\"full\" data-overlay=\"true\" data-overlay-color=\"#000000\" ><div id=\"pgc-5-0-0\"  class=\"panel-grid-cell\" ><div id=\"panel-5-0-0-0\" class=\"so-panel widget widget_sydney_services_type_a sydney_services_widget panel-first-child panel-last-child\" data-index=\"0\" ><div style=\"text-align: left;\" data-title-color=\"#443f3f\" data-headings-color=\"#443f3f\" class=\"panel-widget-style panel-widget-style-for-5-0-0-0\" >\t\t\t<h3 class=\"widget-title\">Wir bieten<\/h3>\r\n\t\t\t\t\t\t\t\t\t\t\t\t\t\t\t\t\t\t\t<div class=\"service col-md-4\">\r\n\t\t\t\t\t\t\t\t\t<div class=\"roll-icon-box\">\r\n\t\t\t\t\t\t\t\t\t\t\t\t\t<div class=\"service-thumb\">\r\n\t\t\t\t\t\t\t\t\t\t\t\t\t\t\t\t\t<img loading=\"lazy\" decoding=\"async\" width=\"60\" height=\"60\" src=\"https:\/\/xn--montagebau-wnsch-uzb.de\/montagebau\/wp-content\/uploads\/2016\/10\/Garagentor.jpg\" class=\"attachment-sydney-service-thumb size-sydney-service-thumb wp-post-image\" alt=\"\" \/>\t\t\t\t\t\t\t\t\t\t\t\t\t\t\t<\/div>\r\n\t\t\t\t\t\t\t\t\t\t\t\t<div class=\"content\">\r\n\t\t\t\t\t\t\t<h3>\r\n\t\t\t\t\t\t\t\t\t\t\t\t\t\t\t\t\t<b>Garagentore und Antriebe<\/b>\t\t\t\t\t\t\t\t\t\t\t\t\t\t\t<\/h3>\r\n\t\t\t\t\t\t\t\t\t\t\t\t\t\t\t\r\n\t\t\t\t\t\t\t\t<p>Qualit\u00e4tsprodukte &#8222;Made in Germany&#8220; f\u00fcr Alt- und Neubau.<\/p>\n\t\t\t\t\t\t\t\t\t\t\t\t\t<\/div><!--.info-->\t\r\n\t\t\t\t\t<\/div>\r\n\t\t\t\t<\/div>\r\n\t\t\t\t\t\t\t\t\t\t\t\t\t\t\t\t\t\t\t<div class=\"service col-md-4\">\r\n\t\t\t\t\t\t\t\t\t<div class=\"roll-icon-box\">\r\n\t\t\t\t\t\t\t\t\t\t\t\t\t<div class=\"service-thumb\">\r\n\t\t\t\t\t\t\t\t\t\t\t\t\t\t\t\t\t<img loading=\"lazy\" decoding=\"async\" width=\"60\" height=\"60\" src=\"https:\/\/xn--montagebau-wnsch-uzb.de\/montagebau\/wp-content\/uploads\/2016\/10\/Jalousie.jpg\" class=\"attachment-sydney-service-thumb size-sydney-service-thumb wp-post-image\" alt=\"\" \/>\t\t\t\t\t\t\t\t\t\t\t\t\t\t\t<\/div>\r\n\t\t\t\t\t\t\t\t\t\t\t\t<div class=\"content\">\r\n\t\t\t\t\t\t\t<h3>\r\n\t\t\t\t\t\t\t\t\t\t\t\t\t\t\t\t\t<b>Rollladen und Jalousien<\/b>\t\t\t\t\t\t\t\t\t\t\t\t\t\t\t<\/h3>\r\n\t\t\t\t\t\t\t\t\t\t\t\t\t\t\t\r\n\t\t\t\t\t\t\t\t<p>Die ideale L\u00f6sung f\u00fcr Ihren Sicht- und Sonnenschutz.<\/p>\n\t\t\t\t\t\t\t\t\t\t\t\t\t<\/div><!--.info-->\t\r\n\t\t\t\t\t<\/div>\r\n\t\t\t\t<\/div>\r\n\t\t\t\t\t\t\t\t\t\t\t\t\t\t\t\t\t\t\t<div class=\"service col-md-4\">\r\n\t\t\t\t\t\t\t\t\t<div class=\"roll-icon-box\">\r\n\t\t\t\t\t\t\t\t\t\t\t\t\t<div class=\"service-thumb\">\r\n\t\t\t\t\t\t\t\t\t\t\t\t\t\t\t\t\t<img loading=\"lazy\" decoding=\"async\" width=\"60\" height=\"60\" src=\"https:\/\/xn--montagebau-wnsch-uzb.de\/montagebau\/wp-content\/uploads\/2016\/10\/Schraubenschluessel.jpg\" class=\"attachment-sydney-service-thumb size-sydney-service-thumb wp-post-image\" alt=\"\" \/>\t\t\t\t\t\t\t\t\t\t\t\t\t\t\t<\/div>\r\n\t\t\t\t\t\t\t\t\t\t\t\t<div class=\"content\">\r\n\t\t\t\t\t\t\t<h3>\r\n\t\t\t\t\t\t\t\t\t\t\t\t\t\t\t\t\t<b>Rundumservice<\/b>\t\t\t\t\t\t\t\t\t\t\t\t\t\t\t<\/h3>\r\n\t\t\t\t\t\t\t\t\t\t\t\t\t\t\t\r\n\t\t\t\t\t\t\t\t<p>Alles aus einer Hand &#8211; Von der Planung \u00fcber die Montage bis zur Fertigstellung, sowie Wartung und Reparatur.<\/p>\n\t\t\t\t\t\t\t\t\t\t\t\t\t<\/div><!--.info-->\t\r\n\t\t\t\t\t<\/div>\r\n\t\t\t\t<\/div>\r\n\t\t\t\r\n\t\t\t\t\t\t\t\r\n\t<\/div><\/div><\/div><\/div><\/div><div id=\"pg-5-1\"  class=\"panel-grid panel-has-style\" ><div class=\"siteorigin-panels-stretch panel-row-style panel-row-style-for-5-1\" style=\"border-bottom: 1px solid #e0e0e0;padding: 100px 0; \" id=\"versprechen\" data-stretch-type=\"full\" data-overlay=\"true\" data-overlay-color=\"#000000\" ><div id=\"pgc-5-1-0\"  class=\"panel-grid-cell\" ><div id=\"panel-5-1-0-0\" class=\"so-panel widget widget_sydney_services_type_b sydney_services_b_widget panel-first-child panel-last-child\" data-index=\"1\" ><div style=\"text-align: left;\" data-title-color=\"#443f3f\" data-headings-color=\"#443f3f\" class=\"panel-widget-style panel-widget-style-for-5-1-0-0\" >\t\t\t<h3 class=\"widget-title\">Unser Versprechen<\/h3>\r\n\t\t\t\t<div class=\"roll-icon-list\">\r\n\t\t\t\t\t\t\t\t\t\t\t\t\t\t\t\t\t\t\t\t\t\t\t<div class=\"service clearfix \">\r\n\t\t\t\t\t\t\t<div class=\"list-item clearfix\">\r\n\t\t\t\t\t\t\t\t\t\t\t\t\t\t\t\t<div class=\"content\">\r\n\t\t\t\t\t\t\t\t\t<h3>\r\n\t\t\t\t\t\t\t\t\t\t\t\t\t\t\t\t\t\t\t\t\t<b>Individuelle Beratung<\/b>\t\t\t\t\t\t\t\t\t\t\t\t\t\t\t\t\t\t\t<\/h3>\r\n\t\t\t\t\t\t\t\t\t\t\t\t\t\t\t\t\t\r\n\t\t\t\t\t\t\t\t\t\t<p>Mit \u00fcber 25 Jahren Berufserfahrung bieten wir Ihnen ma\u00dfgeschneiderte L\u00f6sungen f\u00fcr Ihre Anforderungen.<\/p>\n\t\t\t\t\t\t\t\t\t\t\t\t\t\t\t\t\t<\/div><!--.info-->\t\r\n\t\t\t\t\t\t\t<\/div>\r\n\t\t\t\t\t\t<\/div>\r\n\t\t\t\t\t\t\t\t\t\t\t\t\t\t\t\t\t\t\t\t\t\t\t<div class=\"service clearfix \">\r\n\t\t\t\t\t\t\t<div class=\"list-item clearfix\">\r\n\t\t\t\t\t\t\t\t\t\t\t\t\t\t\t\t<div class=\"content\">\r\n\t\t\t\t\t\t\t\t\t<h3>\r\n\t\t\t\t\t\t\t\t\t\t\t\t\t\t\t\t\t\t\t\t\t<b>Qualit\u00e4tsprodukte<\/b>\t\t\t\t\t\t\t\t\t\t\t\t\t\t\t\t\t\t\t<\/h3>\r\n\t\t\t\t\t\t\t\t\t\t\t\t\t\t\t\t\t\r\n\t\t\t\t\t\t\t\t\t\t<p>Um den bestm\u00f6glichen Service auch nach dem Einbau zu gew\u00e4hrleisten, setzen wir auf hohe Qualit\u00e4t von namhaften deutschen Herstellern.<\/p>\n\t\t\t\t\t\t\t\t\t\t\t\t\t\t\t\t\t<\/div><!--.info-->\t\r\n\t\t\t\t\t\t\t<\/div>\r\n\t\t\t\t\t\t<\/div>\r\n\t\t\t\t\t\t\t\t\t\t\t\t\t\t\t\t\t\t\t\t\t\t\t<div class=\"service clearfix \">\r\n\t\t\t\t\t\t\t<div class=\"list-item clearfix\">\r\n\t\t\t\t\t\t\t\t\t\t\t\t\t\t\t\t<div class=\"content\">\r\n\t\t\t\t\t\t\t\t\t<h3>\r\n\t\t\t\t\t\t\t\t\t\t\t\t\t\t\t\t\t\t\t\t\t<b>Fachm\u00e4nnische Montage<\/b>\t\t\t\t\t\t\t\t\t\t\t\t\t\t\t\t\t\t\t<\/h3>\r\n\t\t\t\t\t\t\t\t\t\t\t\t\t\t\t\t\t\r\n\t\t\t\t\t\t\t\t\t\t<p>Wir montieren fachgerecht und mit \u00e4u\u00dferster Sorgfalt, vom Ausbau bis zur Fertigstellung.<\/p>\n\t\t\t\t\t\t\t\t\t\t\t\t\t\t\t\t\t<\/div><!--.info-->\t\r\n\t\t\t\t\t\t\t<\/div>\r\n\t\t\t\t\t\t<\/div>\r\n\t\t\t\t\t\t\t\t\t\t\t\t\t\t\t\t\t\t\t\t\t\t\t<div class=\"service clearfix \">\r\n\t\t\t\t\t\t\t<div class=\"list-item clearfix\">\r\n\t\t\t\t\t\t\t\t\t\t\t\t\t\t\t\t<div class=\"content\">\r\n\t\t\t\t\t\t\t\t\t<h3>\r\n\t\t\t\t\t\t\t\t\t\t\t\t\t\t\t\t\t\t\t\t\t<b>Fachberatung und Serivce vor Ort<\/b>\t\t\t\t\t\t\t\t\t\t\t\t\t\t\t\t\t\t\t<\/h3>\r\n\t\t\t\t\t\t\t\t\t\t\t\t\t\t\t\t\t\r\n\t\t\t\t\t\t\t\t\t\t<p>Wir sind f\u00fcr Sie als Ansprech- und Servicepartner vor Ort in Giengen an der Brenz, dem Landkreis Heidenheim und Umgebung verf\u00fcgbar.<\/p>\n\t\t\t\t\t\t\t\t\t\t\t\t\t\t\t\t\t<\/div><!--.info-->\t\r\n\t\t\t\t\t\t\t<\/div>\r\n\t\t\t\t\t\t<\/div>\r\n\t\t\t\t\t\t\t\t\t<\/div>\t\r\n\r\n\t\t\t\t\t\t\t\t\r\n\t<\/div><\/div><\/div><div id=\"pgc-5-1-1\"  class=\"panel-grid-cell\" ><div id=\"panel-5-1-1-0\" class=\"so-panel widget widget_sow-image panel-first-child panel-last-child\" data-index=\"2\" ><div style=\"text-align: left;\" data-title-color=\"#443f3f\" data-headings-color=\"#443f3f\" class=\"panel-widget-style panel-widget-style-for-5-1-1-0\" ><div\n\t\t\t\n\t\t\tclass=\"so-widget-sow-image so-widget-sow-image-default-e4c2d9f6c920-479\"\n\t\t\t\n\t\t>\n<div class=\"sow-image-container\">\n\t\t<img \n\tsrc=\"https:\/\/xn--montagebau-wnsch-uzb.de\/montagebau\/wp-content\/uploads\/2020\/01\/IMG_20160604_171556-3.jpg\" width=\"514\" height=\"850\" srcset=\"https:\/\/xn--montagebau-wnsch-uzb.de\/montagebau\/wp-content\/uploads\/2020\/01\/IMG_20160604_171556-3.jpg 514w, https:\/\/xn--montagebau-wnsch-uzb.de\/montagebau\/wp-content\/uploads\/2020\/01\/IMG_20160604_171556-3-181x300.jpg 181w, https:\/\/xn--montagebau-wnsch-uzb.de\/montagebau\/wp-content\/uploads\/2020\/01\/IMG_20160604_171556-3-230x380.jpg 230w, https:\/\/xn--montagebau-wnsch-uzb.de\/montagebau\/wp-content\/uploads\/2020\/01\/IMG_20160604_171556-3-350x579.jpg 350w, https:\/\/xn--montagebau-wnsch-uzb.de\/montagebau\/wp-content\/uploads\/2020\/01\/IMG_20160604_171556-3-480x794.jpg 480w\" sizes=\"(max-width: 514px) 100vw, 514px\" title=\"IMG_20160604_171556 (3)\" alt=\"\" \t\tclass=\"so-widget-image\"\/>\n\t<\/div>\n\n<\/div><\/div><\/div><\/div><\/div><\/div><div id=\"pg-5-2\"  class=\"panel-grid panel-has-style\" ><div class=\"siteorigin-panels-stretch panel-row-style panel-row-style-for-5-2\" style=\"color: #ffffff;padding: 100px 0; \" id=\"footer\" data-stretch-type=\"full\" data-hascolor=\"hascolor\" data-overlay=\"true\" data-overlay-color=\"#000000\" ><div id=\"pgc-5-2-0\"  class=\"panel-grid-cell\" ><div id=\"panel-5-2-0-0\" class=\"so-panel widget widget_text panel-first-child panel-last-child\" data-index=\"3\" ><div style=\"text-align: center;\" data-title-color=\"#ffffff\" data-headings-color=\"#ffffff\" class=\"panel-widget-style panel-widget-style-for-5-2-0-0\" ><h3 class=\"widget-title\">Kontakt<\/h3>\t\t\t<div class=\"textwidget\"><div align=\"center\"><b>Montagebau Werner W\u00fcnsch<\/b><br \/>\nWerner W\u00fcnsch<br \/>\nBuchenweg 2<br \/>\n89537 Giengen an der Brenz<\/p>\n<p>Telefon: 07322 - 240 518<br \/>\nTelefax: 07322 - 955 7685<br \/>\nMobil: 0151 - 141 099 62<br \/>\nE-Mail: <a href=\"mailto:montagebau-w.wuensch@web.de\">montagebau-w.wuensch@web.de<\/a><br \/>\nUSt.-IdNr.: DE258310324<\/div>\n<\/div>\n\t\t<\/div><\/div><\/div><div id=\"pgc-5-2-1\"  class=\"panel-grid-cell\" ><div id=\"panel-5-2-1-0\" class=\"so-panel widget widget_googlemapswidget google-maps-widget panel-first-child\" data-index=\"4\"><div style=\"text-align: center\" data-title-color=\"#ffffff\" data-headings-color=\"#443f3f\" class=\"panel-widget-style panel-widget-style-for-5-2-1-0\"><h3 class=\"widget-title\">So finden Sie uns<\/h3><p><a data-gmw-id=\"widget-2-1-0\" class=\"gmw-thumbnail-map gmw-lightbox-enabled\" href=\"#gmw-dialog-widget-2-1-0\"><img loading=\"lazy\" decoding=\"async\" width=\"300\" height=\"300\" alt=\"Klicken, um eine gr\u00f6\u00dfere Karte zu \u00f6ffnen\" title=\"Klicken, um eine gr\u00f6\u00dfere Karte zu \u00f6ffnen\" src=\"\/\/maps.googleapis.com\/maps\/api\/staticmap?key=AIzaSyBZNmQpmS2ae0I5JHyccTmgbQB6La3SGqc&amp;scale=1&amp;format=png&amp;zoom=13&amp;size=300x300&amp;language=-1&amp;maptype=roadmap&amp;markers=size%3Adefault%7Ccolor%3A0xff0000%7Clabel%3AA%7CBuchenweg+2%2C+89537+Giengen%2C+Germany&amp;center=Buchenweg+2%2C+89537+Giengen%2C+Germany&amp;visual_refresh=true\"><\/a><\/p><\/div><\/div><div id=\"panel-5-2-1-1\" class=\"so-panel widget widget_sow-google-map panel-last-child\" data-index=\"5\" ><div style=\"text-align: left;\" data-title-color=\"#443f3f\" data-headings-color=\"#443f3f\" class=\"panel-widget-style panel-widget-style-for-5-2-1-1\" ><div\n\t\t\t\n\t\t\tclass=\"so-widget-sow-google-map so-widget-sow-google-map-default-6b23895f316e-479\"\n\t\t\t\n\t\t>\n<div class=\"sow-google-map-canvas\"\n\tstyle=\"\"\n\tid=\"map-canvas-3dd73e4373f8c689a46c5e2a4eff87ec\"\n\tdata-options=\"{&quot;address&quot;:&quot;Buchenweg 2, 89537 Giengen an der Brenz&quot;,&quot;zoom&quot;:12,&quot;mobileZoom&quot;:12,&quot;gestureHandling&quot;:&quot;greedy&quot;,&quot;disableUi&quot;:false,&quot;markerIcon&quot;:false,&quot;markersDraggable&quot;:false,&quot;markerAtCenter&quot;:true,&quot;markerInfoDisplay&quot;:&quot;click&quot;,&quot;markerInfoMultiple&quot;:true,&quot;markerPositions&quot;:false,&quot;mapName&quot;:false,&quot;mapStyles&quot;:false,&quot;directions&quot;:&quot;&quot;,&quot;apiKey&quot;:&quot;AIzaSyBZNmQpmS2ae0I5JHyccTmgbQB6La3SGqc&quot;,&quot;breakpoint&quot;:780,&quot;id&quot;:&quot;69f1fb&quot;}\"\n\tdata-fallback-image=\"{&quot;img&quot;:&quot;&quot;}\"><\/div>\n<\/div><\/div><\/div><\/div><div id=\"pgc-5-2-2\"  class=\"panel-grid-cell\" ><div id=\"panel-5-2-2-0\" class=\"so-panel widget widget_text panel-first-child\" data-index=\"6\" ><div style=\"text-align: left;\" data-title-color=\"#ffffff\" data-headings-color=\"#443f3f\" class=\"panel-widget-style panel-widget-style-for-5-2-2-0\" ><h3 class=\"widget-title\">Weitere Links<\/h3>\t\t\t<div class=\"textwidget\"><\/div>\n\t\t<\/div><\/div><div id=\"panel-5-2-2-1\" class=\"so-panel widget widget_sow-button\" data-index=\"7\" ><div style=\"text-align: left;\" data-title-color=\"#443f3f\" data-headings-color=\"#443f3f\" class=\"panel-widget-style panel-widget-style-for-5-2-2-1\" ><div\n\t\t\t\n\t\t\tclass=\"so-widget-sow-button so-widget-sow-button-flat-fa4312a11a55-479\"\n\t\t\t\n\t\t><div class=\"ow-button-base ow-button-align-center\"\n>\n\t\t\t<a\n\t\t\t\t\thref=\"https:\/\/xn--montagebau-wnsch-uzb.de\/montagebau\/impressum\/\"\n\t\t\t\t\tclass=\"sowb-button ow-icon-placement-left ow-button-hover\" \t>\n\t\t<span>\n\t\t\t<span class=\"sow-icon-icomoon\" data-sow-icon=\"&#xe9a8;\"\n\t\tstyle=\"\" \n\t\taria-hidden=\"true\"><\/span>\n\t\t\tImpressum \/ Disclaimer\t\t<\/span>\n\t\t\t<\/a>\n\t<\/div>\n<\/div><\/div><\/div><div id=\"panel-5-2-2-2\" class=\"so-panel widget widget_sow-button panel-last-child\" data-index=\"8\" ><div style=\"text-align: left;\" data-title-color=\"#443f3f\" data-headings-color=\"#443f3f\" class=\"panel-widget-style panel-widget-style-for-5-2-2-2\" ><div\n\t\t\t\n\t\t\tclass=\"so-widget-sow-button so-widget-sow-button-flat-fa4312a11a55-479\"\n\t\t\t\n\t\t><div class=\"ow-button-base ow-button-align-center\"\n>\n\t\t\t<a\n\t\t\t\t\thref=\"https:\/\/xn--montagebau-wnsch-uzb.de\/montagebau\/datenschutz\/\"\n\t\t\t\t\tclass=\"sowb-button ow-icon-placement-left ow-button-hover\" \t>\n\t\t<span>\n\t\t\t<span class=\"sow-icon-fontawesome sow-fas\" data-sow-icon=\"&#xf023;\"\n\t\tstyle=\"\" \n\t\taria-hidden=\"true\"><\/span>\n\t\t\tDatenschutz\t\t<\/span>\n\t\t\t<\/a>\n\t<\/div>\n<\/div><\/div><\/div><\/div><\/div><\/div><\/div>","protected":false},"excerpt":{"rendered":"<p>Wir bieten Garagentore und Antriebe Qualit\u00e4tsprodukte &#8222;Made in Germany&#8220; f\u00fcr Alt- und Neubau. Rollladen und Jalousien Die ideale L\u00f6sung f\u00fcr Ihren Sicht- [&hellip;]<\/p>\n","protected":false},"author":4,"featured_media":0,"parent":0,"menu_order":0,"comment_status":"closed","ping_status":"closed","template":"page-templates\/page_front-page.php","meta":{"_exactmetrics_skip_tracking":false,"_exactmetrics_sitenote_active":false,"_exactmetrics_sitenote_note":"","_exactmetrics_sitenote_category":0,"footnotes":""},"class_list":["post-5","page","type-page","status-publish","hentry"],"_links":{"self":[{"href":"https:\/\/xn--montagebau-wnsch-uzb.de\/montagebau\/wp-json\/wp\/v2\/pages\/5","targetHints":{"allow":["GET"]}}],"collection":[{"href":"https:\/\/xn--montagebau-wnsch-uzb.de\/montagebau\/wp-json\/wp\/v2\/pages"}],"about":[{"href":"https:\/\/xn--montagebau-wnsch-uzb.de\/montagebau\/wp-json\/wp\/v2\/types\/page"}],"author":[{"embeddable":true,"href":"https:\/\/xn--montagebau-wnsch-uzb.de\/montagebau\/wp-json\/wp\/v2\/users\/4"}],"replies":[{"embeddable":true,"href":"https:\/\/xn--montagebau-wnsch-uzb.de\/montagebau\/wp-json\/wp\/v2\/comments?post=5"}],"version-history":[{"count":107,"href":"https:\/\/xn--montagebau-wnsch-uzb.de\/montagebau\/wp-json\/wp\/v2\/pages\/5\/revisions"}],"predecessor-version":[{"id":5335,"href":"https:\/\/xn--montagebau-wnsch-uzb.de\/montagebau\/wp-json\/wp\/v2\/pages\/5\/revisions\/5335"}],"wp:attachment":[{"href":"https:\/\/xn--montagebau-wnsch-uzb.de\/montagebau\/wp-json\/wp\/v2\/media?parent=5"}],"curies":[{"name":"wp","href":"https:\/\/api.w.org\/{rel}","templated":true}]}}